{"id":48,"date":"2026-04-04T23:38:25","date_gmt":"2026-04-04T21:38:25","guid":{"rendered":"https:\/\/aluprest.com\/?page_id=48"},"modified":"2026-04-08T00:41:11","modified_gmt":"2026-04-07T22:41:11","slug":"kontakt","status":"publish","type":"page","link":"https:\/\/aluprest.com\/?page_id=48","title":{"rendered":"Kontakt"},"content":{"rendered":"\t\t<div data-elementor-type=\"wp-page\" data-elementor-id=\"48\" class=\"elementor elementor-48\">\n\t\t\t\t<div class=\"elementor-element elementor-element-a88a12d e-con-full e-flex e-con e-parent\" data-id=\"a88a12d\" data-element_type=\"container\" data-e-type=\"container\">\n\t\t\t\t<div class=\"elementor-element elementor-element-872bd57 elementor-widget elementor-widget-html\" data-id=\"872bd57\" data-element_type=\"widget\" data-e-type=\"widget\" data-widget_type=\"html.default\">\n\t\t\t\t\t<section class=\"final-contact-section\">\n    <div class=\"container_contact\">\n        \n        <div class=\"contact_branding\">\n            <span class=\"pre-title\">Zr\u00f3b pierwszy krok<\/span>\n            <h2 class=\"main-title-gold\">Skontaktuj si\u0119 z nami<\/h2>\n            <p class=\"poland-tag\">Dzia\u0142amy na terenie ca\u0142ej Polski<\/p>\n        <\/div>\n\n        <div class=\"contact_links_grid\">\n            <div class=\"contact_link_box\">\n                <div class=\"gold_icon\">\n                    <svg viewBox=\"0 0 24 24\" fill=\"none\" stroke=\"#A67C33\" stroke-width=\"1.5\" stroke-linecap=\"round\" stroke-linejoin=\"round\"><path d=\"M22 16.92v3a2 2 0 0 1-2.18 2 19.79 19.79 0 0 1-8.63-3.07 19.5 19.5 0 0 1-6-6 19.79 19.79 0 0 1-3.07-8.67A2 2 0 0 1 4.11 2h3a2 2 0 0 1 2 1.72 12.84 12.84 0 0 0 .7 2.81 2 2 0 0 1-.45 2.11L8.09 9.91a16 16 0 0 0 6 6l1.27-1.27a2 2 0 0 1 2.11-.45 12.84 12.84 0 0 0 2.81.7A2 2 0 0 1 22 16.92z\"><\/path><\/svg>\n                <\/div>\n                <a href=\"tel:+48531156600\" class=\"gold-text-link\">531 156 600<\/a>\n            <\/div>\n\n            <div class=\"contact_link_box\">\n                <div class=\"gold_icon\">\n                    <svg viewBox=\"0 0 24 24\" fill=\"none\" stroke=\"#A67C33\" stroke-width=\"1.5\" stroke-linecap=\"round\" stroke-linejoin=\"round\"><path d=\"M4 4h16c1.1 0 2 .9 2 2v12c0 1.1-.9 2-2 2H4c-1.1 0-2-.9-2-2V6c0-1.1.9-2 2-2z\"><\/path><polyline points=\"22,6 12,13 2,6\"><\/polyline><\/svg>\n                <\/div>\n                <a href=\"mailto:biuroaluprest@gmail.com\" class=\"gold-text-link\">biuroaluprest@gmail.com<\/a>\n            <\/div>\n        <\/div>\n\n        <div class=\"contact_bottom\">\n            <p class=\"timing-info\">Odpowiadamy zazwyczaj w ci\u0105gu 24 godzin<\/p>\n            <a href=\"https:\/\/form.typeform.com\/to\/I9C95PZC\" target=\"_blank\" class=\"btn-gold-outline\">Uzyskaj wycen\u0119<\/a>\n        <\/div>\n\n    <\/div>\n<\/section>\n\n<style>\n    .final-contact-section {\n        background-color: #000;\n        padding: 100px 0;\n        color: #fff;\n        text-align: center;\n        font-family: 'Montserrat', sans-serif;\n    }\n\n    .container_contact {\n        max-width: 1200px;\n        margin: 0 auto;\n        padding: 0 20px;\n    }\n\n    \/* NAG\u0141\u00d3WEK *\/\n    .pre-title {\n        text-transform: uppercase;\n        letter-spacing: 5px;\n        font-size: 0.75rem;\n        color: rgba(255,255,255,0.5);\n        display: block;\n        margin-bottom: 15px;\n    }\n\n    .main-title-gold {\n        font-family: 'Cormorant Garamond', serif;\n        font-size: clamp(2.2rem, 5vw, 4rem);\n        text-transform: uppercase;\n        margin-bottom: 10px;\n        background: linear-gradient(145deg, #A67C33, #E3C38C, #A67C33);\n        -webkit-background-clip: text;\n        -webkit-text-fill-color: transparent;\n        letter-spacing: 3px;\n    }\n\n    .poland-tag {\n        color: #A67C33;\n        text-transform: uppercase;\n        letter-spacing: 4px;\n        font-weight: 700;\n        font-size: 0.9rem;\n        margin-bottom: 60px;\n    }\n\n    \/* LINKI KONTAKTOWE *\/\n    .contact_links_grid {\n        display: flex;\n        justify-content: center;\n        gap: 80px;\n        margin-bottom: 60px;\n        flex-wrap: wrap;\n    }\n\n    .contact_link_box {\n        display: flex;\n        flex-direction: column;\n        align-items: center;\n        gap: 15px;\n    }\n\n    .gold_icon {\n        width: 35px;\n        height: 35px;\n        transition: transform 0.3s ease;\n    }\n\n    \/* STYL LINK\u00d3W - BRAK PODKRE\u015aLENIA *\/\n    .gold-text-link {\n        color: #A67C33;\n        text-decoration: none !important; \n        font-size: 1.3rem;\n        font-weight: 400;\n        letter-spacing: 1px;\n        transition: color 0.3s ease;\n    }\n\n    \/* HOVER NA BIA\u0141Y KOLOR *\/\n    .contact_link_box:hover .gold-text-link {\n        color: #ffffff;\n    }\n\n    .contact_link_box:hover .gold_icon {\n        transform: translateY(-5px);\n    }\n\n    \/* STOPKA I PRZYCISK *\/\n    .timing-info {\n        font-size: 0.8rem;\n        color: rgba(255,255,255,0.4);\n        margin-bottom: 30px;\n        letter-spacing: 1px;\n    }\n\n    .btn-gold-outline {\n        display: inline-block;\n        padding: 18px 60px;\n        border: 1px solid #A67C33;\n        color: #A67C33;\n        text-decoration: none !important;\n        text-transform: uppercase;\n        font-weight: 700;\n        letter-spacing: 4px;\n        font-size: 0.85rem;\n        transition: all 0.4s ease;\n    }\n\n    .btn-gold-outline:hover {\n        background: #ffffff;\n        border-color: #ffffff;\n        color: #000000;\n        box-shadow: 0 0 25px rgba(255, 255, 255, 0.2);\n    }\n\n    @media (max-width: 768px) {\n        .contact_links_grid {\n            flex-direction: column;\n            gap: 40px;\n        }\n        .main-title-gold {\n            font-size: 2.2rem;\n        }\n        .btn-gold-outline {\n            width: 100%;\n        }\n    }\n<\/style>\t\t\t\t<\/div>\n\t\t\t\t<\/div>\n\t\t<div class=\"elementor-element elementor-element-3bebfda e-flex e-con-boxed e-con e-parent\" data-id=\"3bebfda\" data-element_type=\"container\" data-e-type=\"container\" data-settings=\"{&quot;background_background&quot;:&quot;classic&quot;}\">\n\t\t\t\t\t<div class=\"e-con-inner\">\n\t\t<div class=\"elementor-element elementor-element-f02f26a e-con-full e-flex e-con e-child\" data-id=\"f02f26a\" data-element_type=\"container\" data-e-type=\"container\">\n\t\t\t\t<\/div>\n\t\t<div class=\"elementor-element elementor-element-0094ae6 e-con-full e-flex e-con e-child\" data-id=\"0094ae6\" data-element_type=\"container\" data-e-type=\"container\">\n\t\t<div class=\"elementor-element elementor-element-37a6fe5 e-con-full e-flex e-con e-child\" data-id=\"37a6fe5\" data-element_type=\"container\" data-e-type=\"container\">\n\t\t\t\t<div class=\"elementor-element elementor-element-6565fb4 elementor-widget elementor-widget-shortcode\" data-id=\"6565fb4\" data-element_type=\"widget\" data-e-type=\"widget\" data-widget_type=\"shortcode.default\">\n\t\t\t\t\t\t\t<div class=\"elementor-shortcode\">\n<div class=\"wpcf7 no-js\" id=\"wpcf7-f160-o1\" lang=\"pl-PL\" dir=\"ltr\" data-wpcf7-id=\"160\">\n<div class=\"screen-reader-response\"><p role=\"status\" aria-live=\"polite\" aria-atomic=\"true\"><\/p> <ul><\/ul><\/div>\n<form action=\"\/index.php?rest_route=%2Fwp%2Fv2%2Fpages%2F48#wpcf7-f160-o1\" method=\"post\" class=\"wpcf7-form init\" aria-label=\"Formularz kontaktowy\" novalidate=\"novalidate\" data-status=\"init\">\n<fieldset class=\"hidden-fields-container\"><input type=\"hidden\" name=\"_wpcf7\" value=\"160\" \/><input type=\"hidden\" name=\"_wpcf7_version\" value=\"6.1.5\" \/><input type=\"hidden\" name=\"_wpcf7_locale\" value=\"pl_PL\" \/><input type=\"hidden\" name=\"_wpcf7_unit_tag\" value=\"wpcf7-f160-o1\" \/><input type=\"hidden\" name=\"_wpcf7_container_post\" value=\"0\" \/><input type=\"hidden\" name=\"_wpcf7_posted_data_hash\" value=\"\" \/>\n<\/fieldset>\n<div class=\"aluprest-form\">\n\t<div class=\"form-row\">\n\t\t<p><span class=\"wpcf7-form-control-wrap\" data-name=\"your-name\"><input size=\"40\" maxlength=\"400\" class=\"wpcf7-form-control wpcf7-text wpcf7-validates-as-required\" autocomplete=\"name\" aria-required=\"true\" aria-invalid=\"false\" placeholder=\"Twoje imi\u0119 i nazwisko\" value=\"\" type=\"text\" name=\"your-name\" \/><\/span>\n\t\t<\/p>\n\t<\/div>\n\t<div class=\"form-row\">\n\t\t<p><span class=\"wpcf7-form-control-wrap\" data-name=\"your-email\"><input size=\"40\" maxlength=\"400\" class=\"wpcf7-form-control wpcf7-email wpcf7-validates-as-required wpcf7-text wpcf7-validates-as-email\" autocomplete=\"email\" aria-required=\"true\" aria-invalid=\"false\" placeholder=\"Tw\u00f3j adres e-mail\" value=\"\" type=\"email\" name=\"your-email\" \/><\/span>\n\t\t<\/p>\n\t<\/div>\n\t<div class=\"form-row\">\n\t\t<p><span class=\"wpcf7-form-control-wrap\" data-name=\"your-subject\"><input size=\"40\" maxlength=\"400\" class=\"wpcf7-form-control wpcf7-text wpcf7-validates-as-required\" aria-required=\"true\" aria-invalid=\"false\" placeholder=\"Temat\" value=\"\" type=\"text\" name=\"your-subject\" \/><\/span>\n\t\t<\/p>\n\t<\/div>\n\t<div class=\"form-row\">\n\t\t<p><span class=\"wpcf7-form-control-wrap\" data-name=\"your-message\"><textarea cols=\"40\" rows=\"10\" maxlength=\"2000\" class=\"wpcf7-form-control wpcf7-textarea\" aria-invalid=\"false\" placeholder=\"Twoja wiadomo\u015b\u0107 (opcjonalne)\" name=\"your-message\"><\/textarea><\/span>\n\t\t<\/p>\n\t<\/div>\n\t<div class=\"form-submit\">\n\t\t<p><input class=\"wpcf7-form-control wpcf7-submit has-spinner\" type=\"submit\" value=\"WY\u015aLIJ WIADOMO\u015a\u0106\" \/>\n\t\t<\/p>\n\t<\/div>\n<\/div><div class=\"wpcf7-response-output\" aria-hidden=\"true\"><\/div>\n<\/form>\n<\/div>\n<\/div>\n\t\t\t\t\t\t<\/div>\n\t\t\t\t<\/div>\n\t\t\t\t<\/div>\n\t\t<div class=\"elementor-element elementor-element-b9ac0c2 e-con-full e-flex e-con e-child\" data-id=\"b9ac0c2\" data-element_type=\"container\" data-e-type=\"container\">\n\t\t\t\t<\/div>\n\t\t\t\t\t<\/div>\n\t\t\t\t<\/div>\n\t\t\t\t<\/div>\n\t\t","protected":false},"excerpt":{"rendered":"<p>Zr\u00f3b pierwszy krok Skontaktuj si\u0119 z nami Dzia\u0142amy na terenie ca\u0142ej Polski 531 156 600 biuroaluprest@gmail.com Odpowiadamy zazwyczaj w ci\u0105gu [&hellip;]<\/p>\n","protected":false},"author":1,"featured_media":0,"parent":0,"menu_order":0,"comment_status":"closed","ping_status":"closed","template":"","meta":{"site-sidebar-layout":"no-sidebar","site-content-layout":"","ast-site-content-layout":"full-width-container","site-content-style":"default","site-sidebar-style":"default","ast-global-header-display":"","ast-banner-title-visibility":"","ast-main-header-display":"","ast-hfb-above-header-display":"","ast-hfb-below-header-display":"","ast-hfb-mobile-header-display":"","site-post-title":"disabled","ast-breadcrumbs-content":"","ast-featured-img":"disabled","footer-sml-layout":"","ast-disable-related-posts":"","theme-transparent-header-meta":"","adv-header-id-meta":"","stick-header-meta":"","header-above-stick-meta":"","header-main-stick-meta":"","header-below-stick-meta":"","astra-migrate-meta-layouts":"default","ast-page-background-enabled":"default","ast-page-background-meta":{"desktop":{"background-color":"var(--ast-global-color-5)","background-image":"","background-repeat":"repeat","background-position":"center center","background-size":"auto","background-attachment":"scroll","background-type":"","background-media":"","overlay-type":"","overlay-color":"","overlay-opacity":"","overlay-gradient":""},"tablet":{"background-color":"","background-image":"","background-repeat":"repeat","background-position":"center center","background-size":"auto","background-attachment":"scroll","background-type":"","background-media":"","overlay-type":"","overlay-color":"","overlay-opacity":"","overlay-gradient":""},"mobile":{"background-color":"","background-image":"","background-repeat":"repeat","background-position":"center center","background-size":"auto","background-attachment":"scroll","background-type":"","background-media":"","overlay-type":"","overlay-color":"","overlay-opacity":"","overlay-gradient":""}},"ast-content-background-meta":{"desktop":{"background-color":"var(--ast-global-color-4)","background-image":"","background-repeat":"repeat","background-position":"center center","background-size":"auto","background-attachment":"scroll","background-type":"","background-media":"","overlay-type":"","overlay-color":"","overlay-opacity":"","overlay-gradient":""},"tablet":{"background-color":"var(--ast-global-color-4)","background-image":"","background-repeat":"repeat","background-position":"center center","background-size":"auto","background-attachment":"scroll","background-type":"","background-media":"","overlay-type":"","overlay-color":"","overlay-opacity":"","overlay-gradient":""},"mobile":{"background-color":"var(--ast-global-color-4)","background-image":"","background-repeat":"repeat","background-position":"center center","background-size":"auto","background-attachment":"scroll","background-type":"","background-media":"","overlay-type":"","overlay-color":"","overlay-opacity":"","overlay-gradient":""}},"footnotes":""},"class_list":["post-48","page","type-page","status-publish","hentry"],"_links":{"self":[{"href":"https:\/\/aluprest.com\/index.php?rest_route=\/wp\/v2\/pages\/48","targetHints":{"allow":["GET"]}}],"collection":[{"href":"https:\/\/aluprest.com\/index.php?rest_route=\/wp\/v2\/pages"}],"about":[{"href":"https:\/\/aluprest.com\/index.php?rest_route=\/wp\/v2\/types\/page"}],"author":[{"embeddable":true,"href":"https:\/\/aluprest.com\/index.php?rest_route=\/wp\/v2\/users\/1"}],"replies":[{"embeddable":true,"href":"https:\/\/aluprest.com\/index.php?rest_route=%2Fwp%2Fv2%2Fcomments&post=48"}],"version-history":[{"count":20,"href":"https:\/\/aluprest.com\/index.php?rest_route=\/wp\/v2\/pages\/48\/revisions"}],"predecessor-version":[{"id":213,"href":"https:\/\/aluprest.com\/index.php?rest_route=\/wp\/v2\/pages\/48\/revisions\/213"}],"wp:attachment":[{"href":"https:\/\/aluprest.com\/index.php?rest_route=%2Fwp%2Fv2%2Fmedia&parent=48"}],"curies":[{"name":"wp","href":"https:\/\/api.w.org\/{rel}","templated":true}]}}