{"id":45,"date":"2026-04-04T23:38:04","date_gmt":"2026-04-04T21:38:04","guid":{"rendered":"https:\/\/aluprest.com\/?page_id=45"},"modified":"2026-04-07T19:01:03","modified_gmt":"2026-04-07T17:01:03","slug":"realizacje","status":"publish","type":"page","link":"https:\/\/aluprest.com\/?page_id=45","title":{"rendered":"Realizacje"},"content":{"rendered":"\t\t<div data-elementor-type=\"wp-page\" data-elementor-id=\"45\" class=\"elementor elementor-45\">\n\t\t\t\t<div class=\"elementor-element elementor-element-8c9faa7 e-con-full e-flex e-con e-parent\" data-id=\"8c9faa7\" data-element_type=\"container\" data-e-type=\"container\">\n\t\t\t\t<div class=\"elementor-element elementor-element-b4b816a elementor-widget elementor-widget-html\" data-id=\"b4b816a\" data-element_type=\"widget\" data-e-type=\"widget\" data-widget_type=\"html.default\">\n\t\t\t\t\t<section class=\"realizacje-page\">\n    <div class=\"container_gallery\">\n        \n        <div class=\"gallery_header\">\n            <span class=\"gallery_subtitle\">Nasze Portfolio<\/span>\n            <h1 class=\"main_gold_title\"><span>Realizacje<\/span><\/h1>\n            <div class=\"divider_gold_center\"><\/div>\n            <p class=\"gallery_intro\"> Zobacz projekty, kt\u00f3re zrealizowali\u015bmy dla naszych klient\u00f3w<\/p>\n        <\/div>\n\n        <div class=\"gallery_grid\">\n            \n            <div class=\"gallery_item\"><div class=\"gold_frame\"><img decoding=\"async\" src=\"http:\/\/aluprest.com\/wp-content\/uploads\/2026\/04\/2a3aac10-dc4b-46a4-8cda-144d7dbd5eb4.jpeg\"><\/div><\/div>\n            <div class=\"gallery_item\"><div class=\"gold_frame\"><img decoding=\"async\" src=\"http:\/\/aluprest.com\/wp-content\/uploads\/2026\/04\/4ca822f5-478f-4a7f-9228-a8cd23d8b342.jpeg\"><\/div><\/div>\n            <div class=\"gallery_item\"><div class=\"gold_frame\"><img decoding=\"async\" src=\"http:\/\/aluprest.com\/wp-content\/uploads\/2026\/04\/40e9a80a-244d-40fe-8d8d-ef3a363cb231.jpeg\"><\/div><\/div>\n            <div class=\"gallery_item\"><div class=\"gold_frame\"><img decoding=\"async\" src=\"http:\/\/aluprest.com\/wp-content\/uploads\/2026\/04\/9c7ea94e-fc5a-4edc-ac72-c8c94f39cc11.jpeg\"><\/div><\/div>\n            <div class=\"gallery_item\"><div class=\"gold_frame\"><img decoding=\"async\" src=\"http:\/\/aluprest.com\/wp-content\/uploads\/2026\/04\/45df6811-6bb7-4143-b203-962fba3dcbe8.jpeg\"><\/div><\/div>\n            <div class=\"gallery_item\"><div class=\"gold_frame\"><img decoding=\"async\" src=\"http:\/\/aluprest.com\/wp-content\/uploads\/2026\/04\/133d9f38-d869-46cb-b8f3-297dfc450605.jpeg\"><\/div><\/div>\n            <div class=\"gallery_item\"><div class=\"gold_frame\"><img decoding=\"async\" src=\"http:\/\/aluprest.com\/wp-content\/uploads\/2026\/04\/77b69f84-a9f7-4300-b889-7bb8546adf47.jpeg\"><\/div><\/div>\n            <div class=\"gallery_item\"><div class=\"gold_frame\"><img decoding=\"async\" src=\"http:\/\/aluprest.com\/wp-content\/uploads\/2026\/04\/750db669-c23f-4809-b154-16be6759eba6.jpeg\"><\/div><\/div>\n            <div class=\"gallery_item\"><div class=\"gold_frame\"><img decoding=\"async\" src=\"http:\/\/aluprest.com\/wp-content\/uploads\/2026\/04\/733f39cb-e8e6-410a-a8b2-99298fc180e3.jpeg\"><\/div><\/div>\n            <div class=\"gallery_item\"><div class=\"gold_frame\"><img decoding=\"async\" src=\"http:\/\/aluprest.com\/wp-content\/uploads\/2026\/04\/7791e4b4-f5cd-4e9e-966c-6c9e28a288cc.jpeg\"><\/div><\/div>\n            <div class=\"gallery_item\"><div class=\"gold_frame\"><img decoding=\"async\" src=\"http:\/\/aluprest.com\/wp-content\/uploads\/2026\/04\/a59c3aa9-4402-47b4-95a6-48b5654f1a61.jpeg\"><\/div><\/div>\n            <div class=\"gallery_item\"><div class=\"gold_frame\"><img decoding=\"async\" src=\"http:\/\/aluprest.com\/wp-content\/uploads\/2026\/04\/90343f06-ebb6-4b54-a354-b4708aa8e19a.jpeg\"><\/div><\/div>\n            <div class=\"gallery_item\"><div class=\"gold_frame\"><img decoding=\"async\" src=\"http:\/\/aluprest.com\/wp-content\/uploads\/2026\/04\/ac475b5d-91cf-4532-9e3b-0d1bf2533199.jpeg\"><\/div><\/div>\n            <div class=\"gallery_item\"><div class=\"gold_frame\"><img decoding=\"async\" src=\"http:\/\/aluprest.com\/wp-content\/uploads\/2026\/04\/bf5f073b-dff7-4b85-b6de-fe6347be8dc0.jpeg\"><\/div><\/div>\n            <div class=\"gallery_item\"><div class=\"gold_frame\"><img decoding=\"async\" src=\"http:\/\/aluprest.com\/wp-content\/uploads\/2026\/04\/bd1a38d1-3d01-40d3-a9df-3c13406f49a9.jpeg\"><\/div><\/div>\n            <div class=\"gallery_item\"><div class=\"gold_frame\"><img decoding=\"async\" src=\"http:\/\/aluprest.com\/wp-content\/uploads\/2026\/04\/c292d359-1e83-4e02-8ed0-2da32fdcb35c.jpeg\"><\/div><\/div>\n            <div class=\"gallery_item\"><div class=\"gold_frame\"><img decoding=\"async\" src=\"http:\/\/aluprest.com\/wp-content\/uploads\/2026\/04\/f0f7426a-b390-4f08-8d34-02cce2283d21.jpeg\"><\/div><\/div>\n            <div class=\"gallery_item\"><div class=\"gold_frame\"><img decoding=\"async\" src=\"http:\/\/aluprest.com\/wp-content\/uploads\/2026\/04\/d5f41193-a86b-4051-9949-5f7b58eb4b97.jpeg\"><\/div><\/div>\n            <div class=\"gallery_item\"><div class=\"gold_frame\"><img decoding=\"async\" src=\"http:\/\/aluprest.com\/wp-content\/uploads\/2026\/04\/IMG_4662-scaled.jpeg\"><\/div><\/div>\n            <div class=\"gallery_item\"><div class=\"gold_frame\"><img decoding=\"async\" src=\"http:\/\/aluprest.com\/wp-content\/uploads\/2026\/04\/fac25349-2a5d-4a90-904e-3fa339798816.jpeg\"><\/div><\/div>\n\n        <\/div>\n    <\/div>\n<\/section>\n\n<style>\n    .realizacje-page {\n        background-color: #000;\n        padding: 120px 0;\n        color: #fff;\n        font-family: 'Montserrat', sans-serif;\n    }\n\n    .container_gallery {\n        max-width: 1440px;\n        margin: 0 auto;\n        padding: 0 40px;\n    }\n\n    \/* NAG\u0141\u00d3WEK - DOK\u0141ADNE ODZWIERCIEDLENIE STRONY G\u0141\u00d3WNEJ *\/\n    .gallery_header {\n        text-align: center;\n        margin-bottom: 90px;\n    }\n\n    .gallery_subtitle {\n        font-family: 'Montserrat', sans-serif;\n        color: #A67C33;\n        text-transform: uppercase;\n        letter-spacing: 6px;\n        font-size: 0.8rem;\n        display: block;\n        margin-bottom: 15px;\n    }\n\n    .main_gold_title {\n        font-family: 'Cormorant Garamond', serif;\n        font-size: clamp(3rem, 7vw, 5rem);\n        text-transform: uppercase;\n        font-weight: 700;\n        margin-bottom: 20px;\n        line-height: 1.1;\n    }\n\n    .main_gold_title span {\n        background: linear-gradient(145deg, #A67C33 10%, #E3C38C 50%, #A67C33 90%);\n        -webkit-background-clip: text;\n        -webkit-text-fill-color: transparent;\n        color: transparent;\n        display: inline-block;\n    }\n\n    .divider_gold_center {\n        width: 80px;\n        height: 2px;\n        background: #A67C33;\n        margin: 0 auto 30px;\n    }\n\n    .gallery_intro {\n        font-weight: 300;\n        color: rgba(255,255,255,0.7);\n        max-width: 700px;\n        margin: 0 auto;\n        line-height: 1.8;\n        font-size: 1.05rem;\n        letter-spacing: 0.5px;\n    }\n\n    \/* GALERIA - GRID SYMETRYCZNY *\/\n    .gallery_grid {\n        display: grid;\n        grid-template-columns: repeat(3, 1fr);\n        gap: 35px;\n    }\n\n    .gallery_item {\n        opacity: 0;\n        transform: translateY(30px);\n        animation: revealGallery 0.8s ease forwards;\n    }\n\n    .gold_frame {\n        border: 1px solid #A67C33;\n        padding: 12px;\n        aspect-ratio: 4 \/ 5;\n        overflow: hidden;\n        transition: all 0.5s ease;\n        background: transparent;\n    }\n\n    .gold_frame img {\n        width: 100%;\n        height: 100%;\n        object-fit: cover;\n        display: block;\n        transition: transform 1.2s ease;\n    }\n\n    \/* HOVER EFEKTY *\/\n    .gallery_item:hover .gold_frame {\n        border-color: #fff;\n        box-shadow: 0 15px 40px rgba(166, 124, 51, 0.15);\n    }\n\n    .gallery_item:hover img {\n        transform: scale(1.08);\n    }\n\n    \/* ANIMACJA REVEAL *\/\n    @keyframes revealGallery {\n        to {\n            opacity: 1;\n            transform: translateY(0);\n        }\n    }\n\n    \/* RESPONSYWNO\u015a\u0106 *\/\n    @media (max-width: 1100px) {\n        .gallery_grid { grid-template-columns: repeat(2, 1fr); }\n    }\n\n    @media (max-width: 768px) {\n        .gallery_grid { grid-template-columns: 1fr; }\n        .main_gold_title { font-size: 3.2rem; }\n        .container_gallery { padding: 0 25px; }\n    }\n<\/style>\n\n<script>\n    \/\/ Skrypt do automatycznego nak\u0142adania op\u00f3\u017anienia animacji (stagger effect)\n    document.addEventListener('DOMContentLoaded', () => {\n        const items = document.querySelectorAll('.gallery_item');\n        items.forEach((item, index) => {\n            item.style.animationDelay = (index * 0.1) + 's';\n        });\n    });\n<\/script>\t\t\t\t<\/div>\n\t\t\t\t<\/div>\n\t\t\t\t<\/div>\n\t\t","protected":false},"excerpt":{"rendered":"<p>Nasze Portfolio Realizacje Zobacz projekty, kt\u00f3re zrealizowali\u015bmy dla naszych klient\u00f3w<\/p>\n","protected":false},"author":1,"featured_media":0,"parent":0,"menu_order":0,"comment_status":"closed","ping_status":"closed","template":"","meta":{"site-sidebar-layout":"no-sidebar","site-content-layout":"","ast-site-content-layout":"full-width-container","site-content-style":"default","site-sidebar-style":"default","ast-global-header-display":"","ast-banner-title-visibility":"","ast-main-header-display":"","ast-hfb-above-header-display":"","ast-hfb-below-header-display":"","ast-hfb-mobile-header-display":"","site-post-title":"disabled","ast-breadcrumbs-content":"","ast-featured-img":"disabled","footer-sml-layout":"","ast-disable-related-posts":"","theme-transparent-header-meta":"","adv-header-id-meta":"","stick-header-meta":"","header-above-stick-meta":"","header-main-stick-meta":"","header-below-stick-meta":"","astra-migrate-meta-layouts":"default","ast-page-background-enabled":"default","ast-page-background-meta":{"desktop":{"background-color":"var(--ast-global-color-5)","background-image":"","background-repeat":"repeat","background-position":"center center","background-size":"auto","background-attachment":"scroll","background-type":"","background-media":"","overlay-type":"","overlay-color":"","overlay-opacity":"","overlay-gradient":""},"tablet":{"background-color":"","background-image":"","background-repeat":"repeat","background-position":"center center","background-size":"auto","background-attachment":"scroll","background-type":"","background-media":"","overlay-type":"","overlay-color":"","overlay-opacity":"","overlay-gradient":""},"mobile":{"background-color":"","background-image":"","background-repeat":"repeat","background-position":"center center","background-size":"auto","background-attachment":"scroll","background-type":"","background-media":"","overlay-type":"","overlay-color":"","overlay-opacity":"","overlay-gradient":""}},"ast-content-background-meta":{"desktop":{"background-color":"var(--ast-global-color-4)","background-image":"","background-repeat":"repeat","background-position":"center center","background-size":"auto","background-attachment":"scroll","background-type":"","background-media":"","overlay-type":"","overlay-color":"","overlay-opacity":"","overlay-gradient":""},"tablet":{"background-color":"var(--ast-global-color-4)","background-image":"","background-repeat":"repeat","background-position":"center center","background-size":"auto","background-attachment":"scroll","background-type":"","background-media":"","overlay-type":"","overlay-color":"","overlay-opacity":"","overlay-gradient":""},"mobile":{"background-color":"var(--ast-global-color-4)","background-image":"","background-repeat":"repeat","background-position":"center center","background-size":"auto","background-attachment":"scroll","background-type":"","background-media":"","overlay-type":"","overlay-color":"","overlay-opacity":"","overlay-gradient":""}},"footnotes":""},"class_list":["post-45","page","type-page","status-publish","hentry"],"_links":{"self":[{"href":"https:\/\/aluprest.com\/index.php?rest_route=\/wp\/v2\/pages\/45","targetHints":{"allow":["GET"]}}],"collection":[{"href":"https:\/\/aluprest.com\/index.php?rest_route=\/wp\/v2\/pages"}],"about":[{"href":"https:\/\/aluprest.com\/index.php?rest_route=\/wp\/v2\/types\/page"}],"author":[{"embeddable":true,"href":"https:\/\/aluprest.com\/index.php?rest_route=\/wp\/v2\/users\/1"}],"replies":[{"embeddable":true,"href":"https:\/\/aluprest.com\/index.php?rest_route=%2Fwp%2Fv2%2Fcomments&post=45"}],"version-history":[{"count":11,"href":"https:\/\/aluprest.com\/index.php?rest_route=\/wp\/v2\/pages\/45\/revisions"}],"predecessor-version":[{"id":156,"href":"https:\/\/aluprest.com\/index.php?rest_route=\/wp\/v2\/pages\/45\/revisions\/156"}],"wp:attachment":[{"href":"https:\/\/aluprest.com\/index.php?rest_route=%2Fwp%2Fv2%2Fmedia&parent=45"}],"curies":[{"name":"wp","href":"https:\/\/api.w.org\/{rel}","templated":true}]}}